{"id":1689,"date":"2025-11-06T12:06:35","date_gmt":"2025-11-06T11:06:35","guid":{"rendered":"https:\/\/www.thewatchpicker.com\/afspraak\/"},"modified":"2025-12-16T12:19:20","modified_gmt":"2025-12-16T11:19:20","slug":"afspraak","status":"publish","type":"page","link":"https:\/\/www.thewatchpicker.com\/nl\/afspraak\/","title":{"rendered":"Afspraak"},"content":{"rendered":"\t\t<div data-elementor-type=\"wp-page\" data-elementor-id=\"1689\" class=\"elementor elementor-1689 elementor-272\" data-elementor-post-type=\"page\">\n\t\t\t\t\t\t<section class=\"elementor-section elementor-top-section elementor-element elementor-element-7da3a7c7 elementor-section-boxed elementor-section-height-default elementor-section-height-default\" data-id=\"7da3a7c7\" data-element_type=\"section\" data-e-type=\"section\" data-settings=\"{&quot;background_background&quot;:&quot;classic&quot;}\">\n\t\t\t\t\t\t\t<div class=\"elementor-background-overlay\"><\/div>\n\t\t\t\t\t\t\t<div class=\"elementor-container elementor-column-gap-default\">\n\t\t\t\t\t<div class=\"elementor-column elementor-col-100 elementor-top-column elementor-element elementor-element-203309cc\" data-id=\"203309cc\" data-element_type=\"column\" data-e-type=\"column\">\n\t\t\t<div class=\"elementor-widget-wrap elementor-element-populated\">\n\t\t\t\t\t\t<div class=\"elementor-element elementor-element-101bce54 elementor-widget elementor-widget-heading\" data-id=\"101bce54\" data-element_type=\"widget\" data-e-type=\"widget\" data-widget_type=\"heading.default\">\n\t\t\t\t\t<h2 class=\"elementor-heading-title elementor-size-default\">Afspraak<\/h2>\t\t\t\t<\/div>\n\t\t\t\t<div class=\"elementor-element elementor-element-74d92801 elementor-align-center elementor-widget__width-auto elementor-widget elementor-widget-button\" data-id=\"74d92801\" data-element_type=\"widget\" data-e-type=\"widget\" data-widget_type=\"button.default\">\n\t\t\t\t\t\t\t\t\t\t<a class=\"elementor-button elementor-button-link elementor-size-sm\" href=\"https:\/\/www.thewatchpicker.com\/nl\/\">\n\t\t\t\t\t\t<span class=\"elementor-button-content-wrapper\">\n\t\t\t\t\t\t\t\t\t<span class=\"elementor-button-text\">Home<\/span>\n\t\t\t\t\t<\/span>\n\t\t\t\t\t<\/a>\n\t\t\t\t\t\t\t\t<\/div>\n\t\t\t\t<div class=\"elementor-element elementor-element-2c819e07 elementor-widget__width-auto elementor-widget elementor-widget-heading\" data-id=\"2c819e07\" data-element_type=\"widget\" data-e-type=\"widget\" data-widget_type=\"heading.default\">\n\t\t\t\t\t<h2 class=\"elementor-heading-title elementor-size-default\">&gt;<\/h2>\t\t\t\t<\/div>\n\t\t\t\t<div class=\"elementor-element elementor-element-4a8997e elementor-widget__width-auto elementor-widget elementor-widget-text-editor\" data-id=\"4a8997e\" data-element_type=\"widget\" data-e-type=\"widget\" data-widget_type=\"text-editor.default\">\n\t\t\t\t\t\t\t\t\t<p>Afspraak<\/p>\t\t\t\t\t\t\t\t<\/div>\n\t\t\t\t\t<\/div>\n\t\t<\/div>\n\t\t\t\t\t<\/div>\n\t\t<\/section>\n\t\t<div class=\"elementor-element elementor-element-b4ece07 e-flex e-con-boxed e-con e-parent\" data-id=\"b4ece07\" data-element_type=\"container\" data-e-type=\"container\" data-settings=\"{&quot;background_background&quot;:&quot;classic&quot;}\">\n\t\t\t\t\t<div class=\"e-con-inner\">\n\t\t<div class=\"elementor-element elementor-element-8799c03 e-con-full e-flex e-con e-child\" data-id=\"8799c03\" data-element_type=\"container\" data-e-type=\"container\">\n\t\t\t\t<div class=\"elementor-element elementor-element-3766b80 elementor-hidden-mobile elementor-widget elementor-widget-heading\" data-id=\"3766b80\" data-element_type=\"widget\" data-e-type=\"widget\" data-widget_type=\"heading.default\">\n\t\t\t\t\t<h2 class=\"elementor-heading-title elementor-size-default\">Afspraak<\/h2>\t\t\t\t<\/div>\n\t\t\t\t<div class=\"elementor-element elementor-element-b670cc0 elementor-widget elementor-widget-heading\" data-id=\"b670cc0\" data-element_type=\"widget\" data-e-type=\"widget\" data-widget_type=\"heading.default\">\n\t\t\t\t\t<h2 class=\"elementor-heading-title elementor-size-default\">Priv\u00e9 afspraak:<br>Een unieke horloge-ervaring<\/h2>\t\t\t\t<\/div>\n\t\t\t\t<div class=\"elementor-element elementor-element-a89da85 elementor-widget elementor-widget-text-editor\" data-id=\"a89da85\" data-element_type=\"widget\" data-e-type=\"widget\" data-widget_type=\"text-editor.default\">\n\t\t\t\t\t\t\t\t\t<p>Reserveer uw priv\u00e9 afspraak bij The Watch Picker en ontdek onze collectie exclusieve horloges in Belgi\u00eb in een elegante en vertrouwelijke omgeving.<\/p><p>Geniet, weg van alle afleiding, van een bevoorrecht moment om vrijblijvend onze modellen te passen en te overleggen met een ervaren liefhebber, in uw eigen tempo en zonder enige commerci\u00eble druk.<\/p><p>Uw bezoek duurt gemiddeld 30 tot 45 minuten, de ideale tijd om elk detail te waarderen en het horloge te vinden dat bij u past.<\/p><p>Onze showroom, gelegen aan de Rue des Sabli\u00e8res 45 in Mont-Saint-Guibert, is gemakkelijk bereikbaar en beschikt over gratis parkeergelegenheid voor uw comfort.<\/p><p>Gun uzelf deze unieke ervaring en reserveer vandaag nog uw priv\u00e9 afspraak: we delen graag onze passie voor horloges met u.<\/p>\t\t\t\t\t\t\t\t<\/div>\n\t\t\t\t<\/div>\n\t\t<div class=\"elementor-element elementor-element-13f0ae1 e-con-full e-flex e-con e-child\" data-id=\"13f0ae1\" data-element_type=\"container\" data-e-type=\"container\">\n\t\t<div class=\"elementor-element elementor-element-3cd8e90 e-con-full e-flex e-con e-child\" data-id=\"3cd8e90\" data-element_type=\"container\" data-e-type=\"container\" data-settings=\"{&quot;sticky&quot;:&quot;top&quot;,&quot;sticky_parent&quot;:&quot;yes&quot;,&quot;sticky_offset&quot;:10,&quot;sticky_on&quot;:[&quot;desktop&quot;,&quot;tablet&quot;,&quot;mobile&quot;],&quot;sticky_effects_offset&quot;:0,&quot;sticky_anchor_link_offset&quot;:0}\">\n\t\t\t\t<div class=\"elementor-element elementor-element-6d31688 elementor-widget elementor-widget-html\" data-id=\"6d31688\" data-element_type=\"widget\" data-e-type=\"widget\" data-widget_type=\"html.default\">\n\t\t\t\t\t<!-- Calendly inline widget begin -->\n<div class=\"calendly-inline-widget\" data-url=\"https:\/\/calendly.com\/thewatchpicker-info\/30min?hide_event_type_details=1&amp;hide_gdpr_banner=1\" style=\"min-width:320px;height:700px;\"><\/div>\n<script type=\"text\/javascript\" src=\"https:\/\/assets.calendly.com\/assets\/external\/widget.js\" async=\"\"><\/script>\n<!-- Calendly inline widget end -->\t\t\t\t<\/div>\n\t\t\t\t<\/div>\n\t\t\t\t<\/div>\n\t\t\t\t\t<\/div>\n\t\t\t\t<\/div>\n\t\t<div class=\"elementor-element elementor-element-f25e168 e-con-full e-flex e-con e-parent\" data-id=\"f25e168\" data-element_type=\"container\" data-e-type=\"container\">\n\t\t\t\t<div class=\"elementor-element elementor-element-e39415b elementor-widget elementor-widget-template\" data-id=\"e39415b\" data-element_type=\"widget\" data-e-type=\"widget\" data-widget_type=\"template.default\">\n\t\t\t\t<div class=\"elementor-widget-container\">\n\t\t\t\t\t\t\t<div class=\"elementor-template\">\n\t\t\t\t\t<div data-elementor-type=\"section\" data-elementor-id=\"529\" class=\"elementor elementor-529\" data-elementor-post-type=\"elementor_library\">\n\t\t\t\t\t<section class=\"elementor-section elementor-top-section elementor-element elementor-element-5f74ff67 elementor-section-boxed elementor-section-height-default elementor-section-height-default\" data-id=\"5f74ff67\" data-element_type=\"section\" data-e-type=\"section\" data-settings=\"{&quot;background_background&quot;:&quot;gradient&quot;}\">\n\t\t\t\t\t\t\t<div class=\"elementor-background-overlay\"><\/div>\n\t\t\t\t\t\t\t<div class=\"elementor-container elementor-column-gap-default\">\n\t\t\t\t\t<div class=\"elementor-column elementor-col-100 elementor-top-column elementor-element elementor-element-8348fe8\" data-id=\"8348fe8\" data-element_type=\"column\" data-e-type=\"column\">\n\t\t\t<div class=\"elementor-widget-wrap elementor-element-populated\">\n\t\t\t\t\t\t<div class=\"elementor-element elementor-element-4bec7f6d elementor-widget elementor-widget-heading\" data-id=\"4bec7f6d\" data-element_type=\"widget\" data-e-type=\"widget\" data-widget_type=\"heading.default\">\n\t\t\t\t\t<h2 class=\"elementor-heading-title elementor-size-default\">Inscrivez-vous \u00e0<br \/>\nnotre newsletter<\/h2>\t\t\t\t<\/div>\n\t\t\t\t<div class=\"elementor-element elementor-element-407339af elementor-mobile-align-center elementor-widget elementor-widget-button\" data-id=\"407339af\" data-element_type=\"widget\" data-e-type=\"widget\" data-widget_type=\"button.default\">\n\t\t\t\t\t\t\t\t\t\t<a class=\"elementor-button elementor-button-link elementor-size-sm\" href=\"#elementor-action%3Aaction%3Dpopup%3Aopen%26settings%3DeyJpZCI6MTE5NSwidG9nZ2xlIjpmYWxzZX0%3D\">\n\t\t\t\t\t\t<span class=\"elementor-button-content-wrapper\">\n\t\t\t\t\t\t\t\t\t<span class=\"elementor-button-text\">S'inscrire<\/span>\n\t\t\t\t\t<\/span>\n\t\t\t\t\t<\/a>\n\t\t\t\t\t\t\t\t<\/div>\n\t\t\t\t\t<\/div>\n\t\t<\/div>\n\t\t\t\t\t<\/div>\n\t\t<\/section>\n\t\t\t\t<\/div>\n\t\t\t\t<\/div>\n\t\t\t\t\t\t<\/div>\n\t\t\t\t<\/div>\n\t\t\t\t<\/div>\n\t\t\t\t<\/div>\n\t\t","protected":false},"excerpt":{"rendered":"<p>Afspraak Home &gt; Afspraak Afspraak Priv\u00e9 afspraak:Een unieke horloge-ervaring Reserveer uw priv\u00e9 afspraak bij The Watch Picker en ontdek onze collectie exclusieve horloges in Belgi\u00eb in een elegante en vertrouwelijke omgeving. Geniet, weg van alle afleiding, van een bevoorrecht moment om vrijblijvend onze modellen te passen en te overleggen met een ervaren liefhebber, in uw [&hellip;]<\/p>\n","protected":false},"author":1,"featured_media":0,"parent":0,"menu_order":0,"comment_status":"closed","ping_status":"closed","template":"","meta":{"footnotes":""},"class_list":["post-1689","page","type-page","status-publish","hentry"],"yoast_head":"<!-- This site is optimized with the Yoast SEO plugin v27.4 - https:\/\/yoast.com\/product\/yoast-seo-wordpress\/ -->\n<title>Afspraak - The Watch Picker<\/title>\n<meta name=\"robots\" content=\"index, follow, max-snippet:-1, max-image-preview:large, max-video-preview:-1\" \/>\n<link rel=\"canonical\" href=\"https:\/\/www.thewatchpicker.com\/nl\/afspraak\/\" \/>\n<meta property=\"og:locale\" content=\"nl_NL\" \/>\n<meta property=\"og:type\" content=\"article\" \/>\n<meta property=\"og:title\" content=\"Afspraak - The Watch Picker\" \/>\n<meta property=\"og:description\" content=\"Afspraak Home &gt; Afspraak Afspraak Priv\u00e9 afspraak:Een unieke horloge-ervaring Reserveer uw priv\u00e9 afspraak bij The Watch Picker en ontdek onze collectie exclusieve horloges in Belgi\u00eb in een elegante en vertrouwelijke omgeving. Geniet, weg van alle afleiding, van een bevoorrecht moment om vrijblijvend onze modellen te passen en te overleggen met een ervaren liefhebber, in uw [&hellip;]\" \/>\n<meta property=\"og:url\" content=\"https:\/\/www.thewatchpicker.com\/nl\/afspraak\/\" \/>\n<meta property=\"og:site_name\" content=\"The Watch Picker\" \/>\n<meta property=\"article:modified_time\" content=\"2025-12-16T11:19:20+00:00\" \/>\n<meta name=\"twitter:card\" content=\"summary_large_image\" \/>\n<meta name=\"twitter:label1\" content=\"Geschatte leestijd\" \/>\n\t<meta name=\"twitter:data1\" content=\"1 minuut\" \/>\n<script type=\"application\/ld+json\" class=\"yoast-schema-graph\">{\"@context\":\"https:\\\/\\\/schema.org\",\"@graph\":[{\"@type\":\"WebPage\",\"@id\":\"https:\\\/\\\/www.thewatchpicker.com\\\/nl\\\/afspraak\\\/\",\"url\":\"https:\\\/\\\/www.thewatchpicker.com\\\/nl\\\/afspraak\\\/\",\"name\":\"Afspraak - The Watch Picker\",\"isPartOf\":{\"@id\":\"https:\\\/\\\/www.thewatchpicker.com\\\/nl\\\/#website\"},\"datePublished\":\"2025-11-06T11:06:35+00:00\",\"dateModified\":\"2025-12-16T11:19:20+00:00\",\"breadcrumb\":{\"@id\":\"https:\\\/\\\/www.thewatchpicker.com\\\/nl\\\/afspraak\\\/#breadcrumb\"},\"inLanguage\":\"nl-NL\",\"potentialAction\":[{\"@type\":\"ReadAction\",\"target\":[\"https:\\\/\\\/www.thewatchpicker.com\\\/nl\\\/afspraak\\\/\"]}]},{\"@type\":\"BreadcrumbList\",\"@id\":\"https:\\\/\\\/www.thewatchpicker.com\\\/nl\\\/afspraak\\\/#breadcrumb\",\"itemListElement\":[{\"@type\":\"ListItem\",\"position\":1,\"name\":\"Accueil\",\"item\":\"https:\\\/\\\/www.thewatchpicker.com\\\/nl\\\/\"},{\"@type\":\"ListItem\",\"position\":2,\"name\":\"Afspraak\"}]},{\"@type\":\"WebSite\",\"@id\":\"https:\\\/\\\/www.thewatchpicker.com\\\/nl\\\/#website\",\"url\":\"https:\\\/\\\/www.thewatchpicker.com\\\/nl\\\/\",\"name\":\"The Watch Picker\",\"description\":\"\",\"alternateName\":\"TWP\",\"potentialAction\":[{\"@type\":\"SearchAction\",\"target\":{\"@type\":\"EntryPoint\",\"urlTemplate\":\"https:\\\/\\\/www.thewatchpicker.com\\\/nl\\\/?s={search_term_string}\"},\"query-input\":{\"@type\":\"PropertyValueSpecification\",\"valueRequired\":true,\"valueName\":\"search_term_string\"}}],\"inLanguage\":\"nl-NL\"}]}<\/script>\n<!-- \/ Yoast SEO plugin. -->","yoast_head_json":{"title":"Afspraak - The Watch Picker","robots":{"index":"index","follow":"follow","max-snippet":"max-snippet:-1","max-image-preview":"max-image-preview:large","max-video-preview":"max-video-preview:-1"},"canonical":"https:\/\/www.thewatchpicker.com\/nl\/afspraak\/","og_locale":"nl_NL","og_type":"article","og_title":"Afspraak - The Watch Picker","og_description":"Afspraak Home &gt; Afspraak Afspraak Priv\u00e9 afspraak:Een unieke horloge-ervaring Reserveer uw priv\u00e9 afspraak bij The Watch Picker en ontdek onze collectie exclusieve horloges in Belgi\u00eb in een elegante en vertrouwelijke omgeving. Geniet, weg van alle afleiding, van een bevoorrecht moment om vrijblijvend onze modellen te passen en te overleggen met een ervaren liefhebber, in uw [&hellip;]","og_url":"https:\/\/www.thewatchpicker.com\/nl\/afspraak\/","og_site_name":"The Watch Picker","article_modified_time":"2025-12-16T11:19:20+00:00","twitter_card":"summary_large_image","twitter_misc":{"Geschatte leestijd":"1 minuut"},"schema":{"@context":"https:\/\/schema.org","@graph":[{"@type":"WebPage","@id":"https:\/\/www.thewatchpicker.com\/nl\/afspraak\/","url":"https:\/\/www.thewatchpicker.com\/nl\/afspraak\/","name":"Afspraak - The Watch Picker","isPartOf":{"@id":"https:\/\/www.thewatchpicker.com\/nl\/#website"},"datePublished":"2025-11-06T11:06:35+00:00","dateModified":"2025-12-16T11:19:20+00:00","breadcrumb":{"@id":"https:\/\/www.thewatchpicker.com\/nl\/afspraak\/#breadcrumb"},"inLanguage":"nl-NL","potentialAction":[{"@type":"ReadAction","target":["https:\/\/www.thewatchpicker.com\/nl\/afspraak\/"]}]},{"@type":"BreadcrumbList","@id":"https:\/\/www.thewatchpicker.com\/nl\/afspraak\/#breadcrumb","itemListElement":[{"@type":"ListItem","position":1,"name":"Accueil","item":"https:\/\/www.thewatchpicker.com\/nl\/"},{"@type":"ListItem","position":2,"name":"Afspraak"}]},{"@type":"WebSite","@id":"https:\/\/www.thewatchpicker.com\/nl\/#website","url":"https:\/\/www.thewatchpicker.com\/nl\/","name":"The Watch Picker","description":"","alternateName":"TWP","potentialAction":[{"@type":"SearchAction","target":{"@type":"EntryPoint","urlTemplate":"https:\/\/www.thewatchpicker.com\/nl\/?s={search_term_string}"},"query-input":{"@type":"PropertyValueSpecification","valueRequired":true,"valueName":"search_term_string"}}],"inLanguage":"nl-NL"}]}},"_links":{"self":[{"href":"https:\/\/www.thewatchpicker.com\/nl\/wp-json\/wp\/v2\/pages\/1689","targetHints":{"allow":["GET"]}}],"collection":[{"href":"https:\/\/www.thewatchpicker.com\/nl\/wp-json\/wp\/v2\/pages"}],"about":[{"href":"https:\/\/www.thewatchpicker.com\/nl\/wp-json\/wp\/v2\/types\/page"}],"author":[{"embeddable":true,"href":"https:\/\/www.thewatchpicker.com\/nl\/wp-json\/wp\/v2\/users\/1"}],"replies":[{"embeddable":true,"href":"https:\/\/www.thewatchpicker.com\/nl\/wp-json\/wp\/v2\/comments?post=1689"}],"version-history":[{"count":2,"href":"https:\/\/www.thewatchpicker.com\/nl\/wp-json\/wp\/v2\/pages\/1689\/revisions"}],"predecessor-version":[{"id":1825,"href":"https:\/\/www.thewatchpicker.com\/nl\/wp-json\/wp\/v2\/pages\/1689\/revisions\/1825"}],"wp:attachment":[{"href":"https:\/\/www.thewatchpicker.com\/nl\/wp-json\/wp\/v2\/media?parent=1689"}],"curies":[{"name":"wp","href":"https:\/\/api.w.org\/{rel}","templated":true}]}}